{"id":35,"date":"2014-12-18T09:56:51","date_gmt":"2014-12-18T09:56:51","guid":{"rendered":"http:\/\/membrillosanlorenzo.com\/?page_id=35"},"modified":"2020-02-14T15:53:07","modified_gmt":"2020-02-14T15:53:07","slug":"variedades-de-membrillo-solo-calidad","status":"publish","type":"page","link":"https:\/\/membrillosanlorenzo.com\/de\/quittensorten-nur-qualitat\/","title":{"rendered":"Quittensorten: Nur Qualit\u00e4t"},"content":{"rendered":"<p><img decoding=\"async\" loading=\"lazy\" id=\"imagen-esquina-calidad\" class=\"alignright size-full wp-image-159\" src=\"http:\/\/membrillosanlorenzo.com\/wp-content\/uploads\/2014\/12\/foto-esquina-calidad.png\" alt=\"foto-esquina-calidad\" width=\"496\" height=\"347\" srcset=\"https:\/\/membrillosanlorenzo.com\/wp-content\/uploads\/2014\/12\/foto-esquina-calidad.png 496w, https:\/\/membrillosanlorenzo.com\/wp-content\/uploads\/2014\/12\/foto-esquina-calidad-300x209.png 300w\" sizes=\"(max-width: 496px) 100vw, 496px\" \/><\/p>\n<div id=\"pagina-calidad\" class=\"un_medio primero\">\n<p class=\"negrita\">In Membrillo San Lorenzo verwenden wir drei Quittensorten, um unsere Quittenmarmelade (Huge Wranja, Champion und Common) so zu verarbeiten, dass sie die beste Qualit\u00e4t bietet.<\/p>\n<p><img decoding=\"async\" loading=\"lazy\" class=\"aligncenter size-full wp-image-154\" src=\"http:\/\/membrillosanlorenzo.com\/wp-content\/uploads\/2014\/12\/foto-calidad-primera.png\" alt=\"foto-calidad-primera\" width=\"479\" height=\"252\" srcset=\"https:\/\/membrillosanlorenzo.com\/wp-content\/uploads\/2014\/12\/foto-calidad-primera.png 479w, https:\/\/membrillosanlorenzo.com\/wp-content\/uploads\/2014\/12\/foto-calidad-primera-300x157.png 300w\" sizes=\"(max-width: 479px) 100vw, 479px\" \/><\/p>\n<p>Qualit\u00e4t hat bei Membrillo San Lorenzo h\u00f6chste Priorit\u00e4t. Aus diesem Grund bem\u00fchen wir uns jeden Tag und in jedem Schritt des Entwicklungsprozesses unserer Produkte, unseren Kunden nur das Beste des Marktes anzubieten.<\/p>\n<p>In unseren Landg\u00fctern, aus denen rund 50% unserer Produktion stammen, z\u00e4hlen wir auf Experten, die regelm\u00e4\u00dfig die Ernte kontrollieren und die B\u00e4ume mit den organischen und pflegenden Elementen versorgen, die Quitten in jedem Moment ben\u00f6tigen und die f\u00fcr ihre normale Verarbeitung unerl\u00e4sslich sind wachsend.<\/p>\n<p>Zwei Monate vor der Ernte, die in der Regel Ende September beginnt, wird ein Sicherheitszeitraum festgelegt, in dem keine N\u00e4hrstoffe mehr bereitgestellt werden. Auf diese Weise erreicht Quitte unsere Einrichtungen mit ihren nat\u00fcrlichen und urspr\u00fcnglichen Eigenschaften in Bezug auf unvergleichlichen Geruch und Geschmack.<\/p>\n<p>Die restlichen Quitten, die wir f\u00fcr unsere Produktion verwenden, stammen aus Feldfr\u00fcchten. Um die Qualit\u00e4t des Produktes zu gew\u00e4hrleisten und ausschlie\u00dflich die besten Exemplare auszuw\u00e4hlen, kommen sie mit ihrem Feldnotizbuch, das garantiert, dass ihr landwirtschaftlicher Prozess derselbe ist, den wir auf unseren Landg\u00fctern anwenden, und es uns wiederum erm\u00f6glicht, zu kontrollieren der Produktionsprozess von Anfang an<\/p>\n<p>F\u00fcr die Herstellung unserer Quittenmarmelade und unseres Gelees verwenden wir in Membrillo San Lorenzo drei verschiedene Sorten dieser Frucht:<\/p>\n<ul>\n<li>Riesige Wranja-Quitte: Eine gro\u00dfe Frucht mit viel Fruchtfleisch, die die Effizienz im industriellen Prozess steigert.<\/li>\n<\/ul>\n<\/div>\n<div class=\"un_medio\">\n<ul>\n<li>Champion Quitte: Diese Sorte zeichnet sich durch ihre mittlere Gr\u00f6\u00dfe, aber mit besseren aromatischen Eigenschaften und Geschmack aus<\/li>\n<li>Gemeine Quitte: reichlich in unserer Gegend angebaut, ist sie die kleinste und s\u00fc\u00dfeste, die aromatischste und die mit der besten Konsistenz unter allen anderen Sorten.<\/li>\n<\/ul>\n<p>Das Geheimnis des exquisiten Geschmacks unserer Produkte besteht darin, die Mischung dieser drei Quittensorten zu mischen und auszugleichen. Dies haben wir durch verschiedene Studien \u00fcber die Zusammensetzung von Quitten und dank der Erfahrung, die wir in mehr als siebzig Jahren auf diesem Markt gesammelt haben, erreicht, die uns zu einem Qualit\u00e4tsf\u00fchrer machen und ein unvergleichliches Produkt anbieten.<\/p>\n<p>Dieses Engagement f\u00fcr die Landwirtschaft resultiert in einem exquisiten Quittenfleisch, das die wesentliche Zutat f\u00fcr die Herstellung von Quittengelee und -marmelade darstellt und eine hohe Qualit\u00e4t aufweist, die unsere Verbraucher mit Sicherheit zu sch\u00e4tzen wissen.<\/p>\n<p>In unserem Produktkatalog sticht die Extra Quittenmarmelade hervor. Dieses Produkt stammt aus ausgew\u00e4hlten Fr\u00fcchten, die gesch\u00e4lt werden und von denen das Herz entfernt wird, um ihren Geschmack unvergleichlich zu machen.<\/p>\n<p>Auf die gleiche Weise sticht auch unser hausgemachtes Quittengelee hervor, das als letztes nach den von unseren Vorfahren entwickelten Schritten des hausgemachten Quittenrezepts hergestellt wurde. Das Ergebnis ist ein qualitativ hochwertiges und zu 100% nat\u00fcrliches Produkt.<\/p>\n<\/div>\n<p><\/p>","protected":false},"excerpt":{"rendered":"<p>In Membrillo San Lorenzo verwenden wir drei Quittensorten, um unsere Quittenmarmelade (Huge Wranja, Champion und Common) so zu verarbeiten, dass sie die beste Qualit\u00e4t bietet. [&hellip;]<\/p>\n","protected":false},"author":1,"featured_media":0,"parent":0,"menu_order":0,"comment_status":"open","ping_status":"open","template":"page-fullwidth.php","meta":{"jetpack_post_was_ever_published":false},"acf":[],"aioseo_notices":[],"jetpack_sharing_enabled":true,"jetpack_shortlink":"https:\/\/wp.me\/P6g8Wk-z","_links":{"self":[{"href":"https:\/\/membrillosanlorenzo.com\/de\/wp-json\/wp\/v2\/pages\/35"}],"collection":[{"href":"https:\/\/membrillosanlorenzo.com\/de\/wp-json\/wp\/v2\/pages"}],"about":[{"href":"https:\/\/membrillosanlorenzo.com\/de\/wp-json\/wp\/v2\/types\/page"}],"author":[{"embeddable":true,"href":"https:\/\/membrillosanlorenzo.com\/de\/wp-json\/wp\/v2\/users\/1"}],"replies":[{"embeddable":true,"href":"https:\/\/membrillosanlorenzo.com\/de\/wp-json\/wp\/v2\/comments?post=35"}],"version-history":[{"count":14,"href":"https:\/\/membrillosanlorenzo.com\/de\/wp-json\/wp\/v2\/pages\/35\/revisions"}],"predecessor-version":[{"id":573,"href":"https:\/\/membrillosanlorenzo.com\/de\/wp-json\/wp\/v2\/pages\/35\/revisions\/573"}],"wp:attachment":[{"href":"https:\/\/membrillosanlorenzo.com\/de\/wp-json\/wp\/v2\/media?parent=35"}],"curies":[{"name":"wp","href":"https:\/\/api.w.org\/{rel}","templated":true}]}}