{"id":37,"date":"2014-12-18T09:57:25","date_gmt":"2014-12-18T09:57:25","guid":{"rendered":"http:\/\/membrillosanlorenzo.com\/?page_id=37"},"modified":"2020-02-14T15:58:57","modified_gmt":"2020-02-14T15:58:57","slug":"nuestros-productos-sabor-y-salud","status":"publish","type":"page","link":"https:\/\/membrillosanlorenzo.com\/de\/unsere-produkte-geschmack-und-gesundheit\/","title":{"rendered":"Unsere Produkte: Geschmack und Gesundheit"},"content":{"rendered":"<p><\/p>\n<div id=\"pagina-sabor\" class=\"un_medio primero\">\n<p class=\"negrita\">In Membrillo San Lorenzo sind wir stolz auf unsere Produkte: eine gro\u00dfartige Quelle f\u00fcr Geschmack und Gesundheit<\/p>\n<p>In Membrillo San Lorenzo widmen wir uns seit mehr als siebzig Jahren der Quittenzucht und der Erarbeitung der verschiedenen Rezepte, die aus diesen Fr\u00fcchten hergestellt werden.<\/p>\n<p><img decoding=\"async\" loading=\"lazy\" class=\"aligncenter size-full wp-image-170\" src=\"http:\/\/membrillosanlorenzo.com\/wp-content\/uploads\/2014\/12\/imagen-salud-1.png\" alt=\"imagen-salud-1\" width=\"481\" height=\"308\" srcset=\"https:\/\/membrillosanlorenzo.com\/wp-content\/uploads\/2014\/12\/imagen-salud-1.png 481w, https:\/\/membrillosanlorenzo.com\/wp-content\/uploads\/2014\/12\/imagen-salud-1-300x192.png 300w\" sizes=\"(max-width: 481px) 100vw, 481px\" \/><\/p>\n<p>Der exquisite Geschmack, der alle unsere Produkte unverwechselbar macht, ist nur m\u00f6glich dank der sorgf\u00e4ltigen Beachtung jedes einzelnen Details des Produktionsprozesses: vom Land bis zu Ihrem Tisch.<\/p>\n<p>Auf diese Weise wird unsere Extra Quittenmarmelade aus speziell ausgew\u00e4hlten Fr\u00fcchten aus Gr\u00fcnden der Gr\u00f6\u00dfe und des Geschmacks hergestellt, von denen das Herz nach dem Sch\u00e4len entfernt wird, so dass die Reinheit des Fleisches unvergleichlich wird<\/p>\n<p>Wir sind Experten f\u00fcr das bekannte First Class Quittengelee, das aus ausgew\u00e4hlten und gesch\u00e4lten Fr\u00fcchten hergestellt wird. Neben unserem hausgemachten Quittengelee m\u00f6chten wir auch andere Sorten hervorheben, wie das Light Quince Jelly (kalorienarm), das zuckerfreie Quittengelee, unser Quittengelee mit Fruchtzucker und die Quittenmarmelade.<\/p>\n<p>In Membrillo San Lorenzo werden neben den Quittenprodukten in ihren klassischsten Rezepten eine gro\u00dfe Auswahl an S\u00fc\u00dfigkeiten und Marmeladen aus anderen Fr\u00fcchten hergestellt, die alle frei von Gluten sind und den Verzehr f\u00fcr Z\u00f6liakie-Betroffene erm\u00f6glichen. Daher k\u00f6nnen unsere Kunden unseren San Lorenzo First Class Apfels\u00fc\u00dfigkeiten, unser San Lorenzo First Class Zitronengeschmacksgelee und den Drei-Geschmacks-Fruchtbonbons (Kiwi, Orange und Erdbeere) genie\u00dfen.<\/p>\n<p><img decoding=\"async\" loading=\"lazy\" class=\"aligncenter size-full wp-image-172\" src=\"http:\/\/membrillosanlorenzo.com\/wp-content\/uploads\/2014\/12\/imagen-salud-2.png\" alt=\"imagen-salud-2\" width=\"490\" height=\"319\" srcset=\"https:\/\/membrillosanlorenzo.com\/wp-content\/uploads\/2014\/12\/imagen-salud-2.png 490w, https:\/\/membrillosanlorenzo.com\/wp-content\/uploads\/2014\/12\/imagen-salud-2-300x195.png 300w\" sizes=\"(max-width: 490px) 100vw, 490px\" \/><\/p>\n<\/div>\n<div class=\"un_medio\">\n<p>Aber Quitten sind in jeder Zubereitungsart, wie Quittengelee oder -marmelade, nicht nur ein exquisites Essen, sondern auch eine Quelle der Gesundheit.<\/p>\n<p>Quitte ist eine Frucht mit niedrigem Zucker- und Kohlenhydratgehalt, wodurch ihr Kaloriengehalt niedrig ist. In der Art und Weise, wie es ausgearbeitet wird, ist es jedoch \u00e4u\u00dferst nahrhaft und f\u00f6rderlich f\u00fcr die Gesundheit.<\/p>\n<p>Es ist ein ideales Lebensmittel, das mit Frisch- oder H\u00fcttenk\u00e4se sowie mit getrockneten Fr\u00fcchten und N\u00fcssen oder Toasts kombiniert werden kann, wenn eine zus\u00e4tzliche Kalorienzufuhr erforderlich sein kann, wie bei Sportlern oder Menschen mit Mangel an Kalorien Appetit auf jede Art von Krankheit.<\/p>\n<p><a href=\"http:\/\/membrillosanlorenzo.com\/wp-content\/uploads\/2014\/12\/imagen-salud-3.png\"><img decoding=\"async\" loading=\"lazy\" class=\"aligncenter size-full wp-image-174\" src=\"http:\/\/membrillosanlorenzo.com\/wp-content\/uploads\/2014\/12\/imagen-salud-3.png\" alt=\"imagen-salud-3\" width=\"507\" height=\"349\" srcset=\"https:\/\/membrillosanlorenzo.com\/wp-content\/uploads\/2014\/12\/imagen-salud-3.png 507w, https:\/\/membrillosanlorenzo.com\/wp-content\/uploads\/2014\/12\/imagen-salud-3-300x206.png 300w\" sizes=\"(max-width: 507px) 100vw, 507px\" \/><\/a><\/p>\n<p>Zu seinen gesunden Eigenschaften f\u00fcr den Organismus geh\u00f6ren:<\/p>\n<p>&#8211; Adstringierend. Aufgrund seiner hohen Pektinmenge ist es bei Durchfall oder Gastroenteritis von gro\u00dfem Vorteil, da es die Stimulation der Leber f\u00f6rdert und das Erbrechen beendet. Au\u00dferdem steigert es den Appetit. Ebenso und weil es reich an Tanninen ist, ist es sehr wirksam bei der Behandlung dieser Verdauungskrankheiten, indem es die Entz\u00fcndung der Verdauungsorgane reduziert.<\/p>\n<p>&#8211; Beseitigung von Harns\u00e4ure. Quitte enth\u00e4lt Apfels\u00e4ure, eine organische S\u00e4ure, die der Frucht nicht nur einen charakteristischen Geschmack verleiht, sondern der Frucht auch eine desinfizierende Eigenschaft verleiht, die wiederum die Beseitigung von Harns\u00e4ure beg\u00fcnstigt. Dies ist besonders vorteilhaft bei Nierenerkrankungen.<\/p>\n<p>&#8211; Senkung des Bluthochdrucks. Durch die Herstellung von Quitten als Gelee wird der Kaliumgehalt erh\u00f6ht. Dieser Aspekt, zusammen mit seinem niedrigen Gehalt an Natrium, macht es zu einem Lebensmittel, das besonders f\u00fcr Menschen mit hohem Blutdruck oder anderen Krankheiten im Zusammenhang mit Herz oder Blutgef\u00e4\u00dfen angezeigt ist.<\/p>\n<p>&#8211; Auswurfmittel. Gegrillte Quitte hat auch schleiml\u00f6sende Eigenschaften, weshalb ihr Verzehr bei Bronchitis, Asthma, Husten oder Erk\u00e4ltungen empfohlen wird.<\/p>\n<\/div>\n<p><\/p>","protected":false},"excerpt":{"rendered":"<p>In Membrillo San Lorenzo sind wir stolz auf unsere Produkte: eine gro\u00dfartige Quelle f\u00fcr Geschmack und Gesundheit In Membrillo San Lorenzo widmen wir uns seit [&hellip;]<\/p>\n","protected":false},"author":1,"featured_media":0,"parent":0,"menu_order":0,"comment_status":"open","ping_status":"open","template":"page-fullwidth.php","meta":{"jetpack_post_was_ever_published":false},"acf":[],"aioseo_notices":[],"jetpack_sharing_enabled":true,"jetpack_shortlink":"https:\/\/wp.me\/P6g8Wk-B","_links":{"self":[{"href":"https:\/\/membrillosanlorenzo.com\/de\/wp-json\/wp\/v2\/pages\/37"}],"collection":[{"href":"https:\/\/membrillosanlorenzo.com\/de\/wp-json\/wp\/v2\/pages"}],"about":[{"href":"https:\/\/membrillosanlorenzo.com\/de\/wp-json\/wp\/v2\/types\/page"}],"author":[{"embeddable":true,"href":"https:\/\/membrillosanlorenzo.com\/de\/wp-json\/wp\/v2\/users\/1"}],"replies":[{"embeddable":true,"href":"https:\/\/membrillosanlorenzo.com\/de\/wp-json\/wp\/v2\/comments?post=37"}],"version-history":[{"count":13,"href":"https:\/\/membrillosanlorenzo.com\/de\/wp-json\/wp\/v2\/pages\/37\/revisions"}],"predecessor-version":[{"id":574,"href":"https:\/\/membrillosanlorenzo.com\/de\/wp-json\/wp\/v2\/pages\/37\/revisions\/574"}],"wp:attachment":[{"href":"https:\/\/membrillosanlorenzo.com\/de\/wp-json\/wp\/v2\/media?parent=37"}],"curies":[{"name":"wp","href":"https:\/\/api.w.org\/{rel}","templated":true}]}}