{"id":474,"date":"2018-11-13T15:34:45","date_gmt":"2018-11-13T15:34:45","guid":{"rendered":"https:\/\/membrillosanlorenzo.com\/?page_id=474"},"modified":"2020-02-14T15:14:23","modified_gmt":"2020-02-14T15:14:23","slug":"aviso-legal","status":"publish","type":"page","link":"https:\/\/membrillosanlorenzo.com\/de\/aviso-legal\/","title":{"rendered":"Rechtliche Hinweise"},"content":{"rendered":"<p><\/p>\n<div style=\"width: 100%; padding: 0 4%; box-sizing: border-box;\">\n<h1>Rechtliche Hinweise und Nutzungsbedingungen<\/h1>\n<p>Sie haben ab sofort die Website SUCESORES DE LORENZO ESTEPA AGUILA SA. Als MEMBRILLO SAN LORENZCO aufgerufen, die die im Onlineshop angebotenen Produkte anbietet (wie Quittenmarmelade, erste Quitte, s\u00fc\u00dfe Fr\u00fcchte und hausgemachte Quitte ua). und befindet sich auf der Website https:\/\/membrillosanlorenzo.com\/<\/p>\n<h2>ALLGEMEINE GESCH\u00c4FTSBEDINGUNGEN (AGB)<\/h2>\n<p>Der Zugang zu den Diensten und die Behandlung der Inhalte durch die Benutzer des Internets MEMBRILLO SAN LORENZO unterliegt den folgenden Bedingungen:<\/p>\n<ol>\n<li style=\"list-style-type: none;\">\n<ol>\n<li>\n<h4>EIGENTUM DES DIENSTES<\/h4>\n<p>Gem\u00e4\u00df Artikel 10 Abschnitt 1 des Gesetzes 34\/2002 vom 11. Juli 2002 \u00fcber die Dienste der Informationsgesellschaft und des elektronischen Handels werden die folgenden Informationen bereitgestellt:<\/p>\n<p>Name des Inhabers: SUCESORES DE LORENZO ESTEPA AGUILAR S.A<\/p>\n<p>Steueradresse Stra\u00dfe Estepa-Guadix Km.18,3 Puente Genil (C\u00f3rdoba) \u2013 SPANIEN<\/p>\n<p>E-Mail: info@membrillosanlorenzo.com<\/p>\n<p>ID: A14052807<\/p>\n<p>Telefonnummer: 957 600 296<\/p>\n<p>DATENANMELDUNG IM HANDELSREGISTER: Handelsregister von C\u00f3rdoba. Blatt 43, Band 218, Seite 3637. 1. Inschrift.<\/li>\n<li>\n<h4>VERANTWORTUNG DER BENUTZER<\/h4>\n<p>Im Sinne dieser Allgemeinen Gesch\u00e4ftsbedingungen wird die Ber\u00fccksichtigung des Begriffs \u201eBenutzer\u201c auf jede nat\u00fcrliche oder juristische Person angewendet, die die Website MEMBRILLO SAN LORENZO o besucht und deren Dienste nutzt.<\/p>\n<p>Die Navigation oder Nutzung der Website MEMBRILLO SAN LORENZO kombiniert das perfekte Verst\u00e4ndnis und die vollst\u00e4ndige Akzeptanz der vorliegenden Allgemeinen Gesch\u00e4ftsbedingungen, die vom Eigent\u00fcmer jederzeit und ohne vorherige Ank\u00fcndigung aktualisiert werden k\u00f6nnen. Daher ist es sehr empfehlenswert, diese Allgemeinen Gesch\u00e4ftsbedingungen regelm\u00e4\u00dfig zu \u00fcberpr\u00fcfen.<\/p>\n<p>Die vorliegenden Allgemeinen Gesch\u00e4ftsbedingungen unterliegen den Grunds\u00e4tzen von Rechtm\u00e4\u00dfigkeit und Treu und Glauben, und der \u201eBenutzer\u201c muss versprechen, alle Inhalte und \/ oder Dienste dieser Website gem\u00e4\u00df den geltenden Gesetzen zu nutzen.<\/p>\n<p>Der Nutzer verpflichtet sich, keine Inhalte oder Kommentare zu ver\u00f6ffentlichen, die die Rechte eines Besuchers oder Nutzers dieser Website oder Dritter beeintr\u00e4chtigen k\u00f6nnten, und die Firma MEMBRILLO SAN LORENZO in Bezug auf gerichtliche und au\u00dfergerichtliche Beschwerden jeglicher Art nicht zu sch\u00e4digen auf jeden Fall.<\/p>\n<p>MEMBRILLO SAN LORENZO beh\u00e4lt sich das Recht vor, vom Benutzer erstellte Inhalte, die m\u00f6glicherweise gegen die Regeln versto\u00dfen, unverz\u00fcglich zu entfernen und eventuelle Verst\u00f6\u00dfe oder Rechtswidrigkeiten den zust\u00e4ndigen Beh\u00f6rden mitzuteilen.<\/li>\n<li>\n<h4>ARBEITSWEISE DES DIENSTES<\/h4>\n<p>Der Eigent\u00fcmer verpflichtet sich, die Dienstleistung so weit wie m\u00f6glich auf kontinuierliche und normale Weise zu erbringen.<\/p>\n<p>Der Eigent\u00fcmer haftet nicht f\u00fcr Sch\u00e4den, die dem Benutzer entstehen, wenn diese im Moment der Erbringung der Dienstleistungen nicht m\u00f6glich sind, wenn ein Zufall, h\u00f6here Gewalt oder ein anderer Fall eintritt, der dem Eigent\u00fcmer nicht zuzurechnen ist.<\/p>\n<p>In jedem Fall ist MEMBRILLO SAN LORENZO f\u00fcr die fehlerhafte Ausf\u00fchrung des vorliegenden Dienstes verantwortlich, solange dies auf die Wartung der Website zur\u00fcckzuf\u00fchren ist.<\/li>\n<li>\n<h4>\u00c4NDERUNG ODER UNTERBRECHUNG DES DIENSTES<\/h4>\n<p>MEMBRILLO SAN LORENZO beh\u00e4lt sich das Recht vor, die Inhalte und \/ oder Dienste dieser Website einseitig und ohne vorherige Ank\u00fcndigung zu erg\u00e4nzen, zu verbessern, zu \u00e4ndern oder zu unterdr\u00fccken.<\/p>\n<p>Jeder Service und \/ oder Inhalt, der auf der Website von MEMBRILLO SAN LORENZO hinzugef\u00fcgt oder verbessert wird, gilt als verstanden und unterliegt den vorliegenden Gesch\u00e4ftsbedingungen<\/li>\n<li>\n<h4>GEISTIGES EIGENTUM<\/h4>\n<p>Der Benutzer des Dienstes akzeptiert ausdr\u00fccklich das ausschlie\u00dfliche Eigentum von MEMBRILLO SAN LORENZO an geistigen Eigentumsrechten in Bezug auf die Seiten, die alle Dienste und Inhalte dieser Website unterst\u00fctzen.<\/p>\n<p>Der Nutzer ist mit der Freiheit der an MEMBRILLO SAN LORENZO \u00fcbermittelten Inhalte einverstanden. Aus diesem Grund r\u00e4umt der Benutzer die weltweiten Rechte und Lizenzen f\u00fcr diese Website ein, unbefristet, nicht exklusiv und ohne Urheberrechte (einschlie\u00dflich moralischer oder sonstiger Rechte) zur Nutzung, Anzeige, Vervielf\u00e4ltigung, \u00c4nderung, Anpassung, Ver\u00f6ffentlichung, Verbreitung und Darstellung , bewerben, archivieren, \u00fcbersetzen und erstellen Sie Neuzusammenstellungen und Werke, die ganz oder teilweise aus diesen Informationen stammen.<\/li>\n<li>\n<h4>VERWENDUNG VON COOKIES<\/h4>\n<p>MEMBRILLO SAN LORENZO ist in der Lage, Speicherger\u00e4te und Datenrettung in Endger\u00e4ten der Empf\u00e4nger (in der Regel als &#8222;Cookies&#8220; bezeichnet) gem\u00e4\u00df den in unserer Cookie-Richtlinie beschriebenen Bestimmungen zu verwenden.<\/li>\n<li>\n<h4>SCHUTZ PERS\u00d6NLICHER DATEN<\/h4>\n<p>MEMBRILLO SAN LORENZO respektiert vor allem die Privatsph\u00e4re des Nutzers sowie die Einhaltung der geltenden Gesetze zum Schutz personenbezogener Daten in \u00dcbereinstimmung mit dieser \u201eDatenschutzrichtlinie\u201c.<\/li>\n<li>\n<h4>ANWENDBARE GESETZGEBUNG UND ZUST\u00c4NDIGER GERICHTSSTAND<\/h4>\n<p>Diese Website unterliegt dem spanischen Recht und dem europ\u00e4ischen Recht, das in Spanien anwendbar sein kann<\/p>\n<p>Um Probleme zu l\u00f6sen, die sich aus den Aktivit\u00e4ten, Inhalten und \/ oder Diensten auf dieser Website ergeben k\u00f6nnten, stimmen der Benutzer und der Eigent\u00fcmer zu, von den Richtern und Gerichten in Cordoba (Spanien) beurteilt zu werden, ohne ausdr\u00fccklich darauf zu verzichten andere Gerichtsbarkeit, die ihnen entsprechen kann.<\/li>\n<\/ol>\n<\/li>\n<\/ol>\n<\/div>\n<p><\/p>","protected":false},"excerpt":{"rendered":"<p>Rechtliche Hinweise und Nutzungsbedingungen Sie haben ab sofort die Website SUCESORES DE LORENZO ESTEPA AGUILA SA. Als MEMBRILLO SAN LORENZCO aufgerufen, die die im Onlineshop [&hellip;]<\/p>\n","protected":false},"author":1,"featured_media":0,"parent":0,"menu_order":0,"comment_status":"closed","ping_status":"closed","template":"page-fullwidth.php","meta":{"jetpack_post_was_ever_published":false},"acf":[],"aioseo_notices":[],"jetpack_sharing_enabled":true,"jetpack_shortlink":"https:\/\/wp.me\/P6g8Wk-7E","_links":{"self":[{"href":"https:\/\/membrillosanlorenzo.com\/de\/wp-json\/wp\/v2\/pages\/474"}],"collection":[{"href":"https:\/\/membrillosanlorenzo.com\/de\/wp-json\/wp\/v2\/pages"}],"about":[{"href":"https:\/\/membrillosanlorenzo.com\/de\/wp-json\/wp\/v2\/types\/page"}],"author":[{"embeddable":true,"href":"https:\/\/membrillosanlorenzo.com\/de\/wp-json\/wp\/v2\/users\/1"}],"replies":[{"embeddable":true,"href":"https:\/\/membrillosanlorenzo.com\/de\/wp-json\/wp\/v2\/comments?post=474"}],"version-history":[{"count":12,"href":"https:\/\/membrillosanlorenzo.com\/de\/wp-json\/wp\/v2\/pages\/474\/revisions"}],"predecessor-version":[{"id":563,"href":"https:\/\/membrillosanlorenzo.com\/de\/wp-json\/wp\/v2\/pages\/474\/revisions\/563"}],"wp:attachment":[{"href":"https:\/\/membrillosanlorenzo.com\/de\/wp-json\/wp\/v2\/media?parent=474"}],"curies":[{"name":"wp","href":"https:\/\/api.w.org\/{rel}","templated":true}]}}