{"id":481,"date":"2018-11-13T15:48:30","date_gmt":"2018-11-13T15:48:30","guid":{"rendered":"https:\/\/membrillosanlorenzo.com\/?page_id=481"},"modified":"2020-02-14T13:49:46","modified_gmt":"2020-02-14T13:49:46","slug":"politica-de-privacidad","status":"publish","type":"page","link":"https:\/\/membrillosanlorenzo.com\/de\/espanol-politica-de-privacidad\/","title":{"rendered":"Datenschutz-Bestimmungen"},"content":{"rendered":"<p><\/p>\n<div style=\"width: 100%; padding: 0 4%; box-sizing: border-box;\">\n<h1><strong>Datenschutz-Bestimmungen<\/strong><\/h1>\n<p>In MEMBRILLO SAN LORANZO haben Sie die Kontrolle \u00fcber Ihre pers\u00f6nlichen Daten, und wir werden diese niemals an Dritte verkaufen oder Ihre pers\u00f6nlichen Daten auf unlautere oder unrechtm\u00e4\u00dfige Weise nutzen. Wir werden die von Ihnen bereitgestellten Informationen stets f\u00fcr die legitimsten und strengsten Zwecke unserer T\u00e4tigkeit auf klare Weise verwenden und stets versuchen, Rechte oder Interessen, die Sie betreffen, nicht zu untersch\u00e4tzen oder zu verletzen.<br \/>\nDie vorliegende Datenschutzrichtlinie wurde gem\u00e4\u00df den vom Gesetz (UE) 2016\/679 vom 27. April 2016 (Allgemeine Datenschutzbestimmungen oder \u201eRGPD\u201c) genehmigten Grunds\u00e4tzen und Regeln verfasst. Wir legen gro\u00dfen Wert darauf, dass Sie diese Informationen erhalten und dass Sie sie vollst\u00e4ndig verstehen. Daher haben wir versucht, sowohl eine klare als auch einfache Sprache und nur die unabdingbaren rechtlichen Begriffe zu verwenden.<\/p>\n<ul>\n<li><strong>\u00bfWer ist f\u00fcr die Behandlung oder Ihre Informationen verantwortlich?<\/strong><br \/>\nName des Inhabers: NACHFOLGER VON LORENZO ESTEPA AGUILAR S.A, ab sofort \u201eMEMBRILLO SAN LORENZO\u201c oder \u201edie f\u00fcr die Behandlung verantwortliche Person\u201c. Steueradresse: Estepa-Guadix Stra\u00dfe Km.18,3 Puente Genil (C\u00f3rdoba) &#8211; ESPA\u00d1AE-Mail: info@membrillosanlorenzo.com<\/p>\n<p>ID: A14052807Telefonnumer: 957 600 296<\/p>\n<p>DATENREGISTERUNG HANDELSREGISTER: Handelsregister von C\u00f3rdoba. Blatt 43, Band 218, Seite 3637. 1. Inschrift.<\/li>\n<li><strong>\u00bfWelche Daten werden vom Unternehmen behandelt?<\/strong><br \/>\nMEMBRILLO SAN LORENZO sammelt die geringstm\u00f6gliche Menge an personenbezogenen Daten, um die Bereitstellung des entsprechenden Dienstes durchzuf\u00fchren und gleichzeitig die Anforderungen des Prinzips der Minimierung der Daten aus dem RGPD zu erf\u00fcllen. Solche Daten werden \u00fcber die verschiedenen Formen der Datenerfassung gesammelt, die zu jedem Zeitpunkt vom Web bereitgestellt werden, darunter beispielsweise das Datenformular f\u00fcr einen Kauf oder das Kontaktformular. Das Unternehmen wird zum Zeitpunkt der Erfassung der personenbezogenen Daten \u00fcber diese Website dar\u00fcber informieren, welche personenbezogenen Daten f\u00fcr den Zugriff auf die verschiedenen Dienste erforderlich sind. Ihre Weigerung, die erforderlichen Daten zur Verf\u00fcgung zu stellen, hat wiederum zur Folge, dass Sie nicht in der Lage sind, die Waren oder Dienstleistungen des Unternehmens bereitzustellen oder sogar als interessierte Partei an Ihrer Anfrage teilzunehmen. Dar\u00fcber hinaus wird MEMBRILLO SAN LORENZO die erhobenen personenbezogenen Daten in der f\u00fcr die Erf\u00fcllung der gesetzlichen Verpflichtungen im Zusammenhang mit der Erhebung dieser Daten unerl\u00e4sslichen Mindestzeit aufbewahren.Der Zweck der Verarbeitung der im Rahmen der Nutzung dieser Website erhobenen personenbezogenen Daten besteht sowohl in der Kontaktaufnahme mit dem Nutzer als auch in der Erbringung der vom Kunden gew\u00fcnschten Dienstleistung \u00fcber den Online-Shop<\/li>\n<\/ul>\n<p>&nbsp;<\/p>\n<ul>\n<li><strong>\u00bfWie wird MEMBRILLO SAN LORENZO die Interessenten in Bezug auf die Aus\u00fcbung ihrer Rechte unterst\u00fctzen und welche Rechte sind dies?<\/strong><br \/>\nMEMBRILLO SAN LORENZO erleichtert die Aus\u00fcbung Ihrer Rechte im Zusammenhang mit dem Schutz personenbezogener Daten durch Verfahren und Methoden, die sichtbar, zug\u00e4nglich und einfach sind. Das Unternehmen gestattet auch die Pr\u00e4sentation von Antragsformularen auf elektronischem Wege und die Begleitung des Formulars mit einer Kopie Ihres Personalausweises an die folgende E-Mail-Adresse: info@membrillosanlorenzo.com. Wenn sich MEMBRILLO SAN LORENZO daf\u00fcr entscheidet, einer Bewerbung nicht beizuwohnen, muss dies zusammen mit dem Grund der Ablehnung innerhalb eines Monats ab dem Datum der Pr\u00e4sentation mitgeteilt werden<br \/>\nDie Rechte als Inhaber von Interessenten oder personenbezogenen Daten lauten wie folgt:<strong>Auskunftsrecht:<\/strong> Sie haben das Recht, von der Firma die Best\u00e4tigung der Behandlung oder nicht der Sie betreffenden personenbezogenen Daten zu erhalten. Membrillo San Lorenzo wird Ihnen eine Kopie der personenbezogenen Daten zur Verf\u00fcgung stellen, die Gegenstand der Behandlung sind.<\/p>\n<p><strong>Berichtigungsrecht:<\/strong> Sie haben das Recht, unverz\u00fcglich die Berichtigung der ungenauen personenbezogenen Daten Ihres Anliegens zu erwirken.<\/p>\n<p><strong>Ausschlussrecht:<\/strong> Sie haben das Recht, unverz\u00fcglich die Ausschlussung der ungenauen personenbezogenen Daten Ihres Anliegens zu erwirken.<\/p>\n<p><strong>Behandlungsbeschr\u00e4nkungsrecht:<\/strong> Solange die Behandlung Ihrer personenbezogenen Daten aufgrund einer Bewerbung von Ihrer Seite beschr\u00e4nkt wurde, sind diese Daten nur Gegenstand der Behandlung, mit Ausnahme ihrer Aufbewahrung, mit Ihrer Einwilligung oder f\u00fcr die Formulierung, der Aus\u00fcbung oder Verteidigung von Beschwerden oder Betrachtung der Rechte einer anderen nat\u00fcrlichen oder juristischen Person oder aus Gr\u00fcnden des wichtigen \u00f6ffentlichen Interesses.<\/p>\n<p><strong>Widerspruchsrecht:<\/strong> Sie haben das Recht, sich aus Gr\u00fcnden, die mit Ihren pers\u00f6nlichen Umst\u00e4nden zusammenh\u00e4ngen, jederzeit mit der Behandlung personenbezogener Daten Ihres Anliegens aus Gr\u00fcnden des \u00f6ffentlichen Interesses oder aus berechtigten Interessen der f\u00fcr die Behandlung verantwortlichen Person zu streiten<\/li>\n<li><strong>\u00c4nderung der Datenschutzerkl\u00e4rung<\/strong><br \/>\nMit dem Ziel, in MEMBRILLO SAN LORENZO den Grundsatz oder die proaktive und st\u00e4ndige Einhaltung der Gesetze zum Datenschutz umzusetzen sowie die Transparenzanforderungen zu erf\u00fcllen, ist es m\u00f6glich, dass wir die vorliegenden Datenschutzbestimmungen von Zeit zu Zeit \u00e4ndern. Aus diesem Grund ermutigen wir die Inhaber personenbezogener Daten, die sich offensichtlich Sorgen um ihre Privatsph\u00e4re machen, die Richtlinie regelm\u00e4\u00dfig zu konsultieren. Nichtsdestotrotz wird Membrillo San Lorenzo die notwendigen Anstrengungen unternehmen, um die Dateneigent\u00fcmer \u00fcber wesentliche \u00c4nderungen dieser Datenschutzerkl\u00e4rung zu informieren. Dies hat unmittelbare Auswirkungen auf die Rechte und Interessen dieser Inhaber personenbezogener Daten.<\/li>\n<li><strong>Weitere Informationen zum Datenschutz in MEMBRILLO SAN LORENZO<\/strong><br \/>\nUm alle Fragen zu beantworten, die im Zusammenhang mit dem Lesen der aktuellen Datenschutzrichtlinie noch offen sind, kann sich der Inhaber pers\u00f6nlicher Daten \u00fcber die folgende E-Mail-Adresse an das Unternehmen wenden: info@membrillosanlorenzo.com oder auch \u00fcber die Postleitzahl des Unternehmens.<\/li>\n<\/ul>\n<\/div>\n<p><\/p>","protected":false},"excerpt":{"rendered":"<p>Datenschutz-Bestimmungen In MEMBRILLO SAN LORANZO haben Sie die Kontrolle \u00fcber Ihre pers\u00f6nlichen Daten, und wir werden diese niemals an Dritte verkaufen oder Ihre pers\u00f6nlichen Daten [&hellip;]<\/p>\n","protected":false},"author":1,"featured_media":0,"parent":0,"menu_order":0,"comment_status":"closed","ping_status":"closed","template":"page-fullwidth.php","meta":{"jetpack_post_was_ever_published":false},"acf":[],"aioseo_notices":[],"jetpack_sharing_enabled":true,"jetpack_shortlink":"https:\/\/wp.me\/P6g8Wk-7L","_links":{"self":[{"href":"https:\/\/membrillosanlorenzo.com\/de\/wp-json\/wp\/v2\/pages\/481"}],"collection":[{"href":"https:\/\/membrillosanlorenzo.com\/de\/wp-json\/wp\/v2\/pages"}],"about":[{"href":"https:\/\/membrillosanlorenzo.com\/de\/wp-json\/wp\/v2\/types\/page"}],"author":[{"embeddable":true,"href":"https:\/\/membrillosanlorenzo.com\/de\/wp-json\/wp\/v2\/users\/1"}],"replies":[{"embeddable":true,"href":"https:\/\/membrillosanlorenzo.com\/de\/wp-json\/wp\/v2\/comments?post=481"}],"version-history":[{"count":13,"href":"https:\/\/membrillosanlorenzo.com\/de\/wp-json\/wp\/v2\/pages\/481\/revisions"}],"predecessor-version":[{"id":559,"href":"https:\/\/membrillosanlorenzo.com\/de\/wp-json\/wp\/v2\/pages\/481\/revisions\/559"}],"wp:attachment":[{"href":"https:\/\/membrillosanlorenzo.com\/de\/wp-json\/wp\/v2\/media?parent=481"}],"curies":[{"name":"wp","href":"https:\/\/api.w.org\/{rel}","templated":true}]}}