{"id":487,"date":"2018-11-13T16:03:50","date_gmt":"2018-11-13T16:03:50","guid":{"rendered":"https:\/\/membrillosanlorenzo.com\/?page_id=487"},"modified":"2021-10-21T08:38:30","modified_gmt":"2021-10-21T08:38:30","slug":"487-2","status":"publish","type":"page","link":"https:\/\/membrillosanlorenzo.com\/de\/espanol-condiciones-de-uso-y-contratacion\/","title":{"rendered":"Nutzungsbedingungen und Rekrutierung"},"content":{"rendered":"<p><\/p>\n<div style=\"width: 100%; padding: 0 4%; box-sizing: border-box;\">\n<ol>\n<li><strong>Eigentum<\/strong>: Diese Website ist Eigentum des Vereins Sucesores de Lorenzo Estepa Aguilar &#8211; Steueradresse: Stra\u00dfe Estepa-Guadix Km. 18,3 Puente Genil (C\u00f3rdoba) &#8211; Spanien\n<ul>\n<li>Email:\u00a0<a href=\"mailto:info@membrillosanlorenzo.com\">info@membrillosanlorenzo.com<\/a><\/li>\n<li>Telefonnumer: 957 600 296<\/li>\n<li>ID: A14052807<\/li>\n<li>Datenregistrierung im Handelsregister: Handelsregister von Cordoba. Blatt 43, Band 218, Seite 3637. 1. Inschrift.<\/li>\n<\/ul>\n<\/li>\n<li><strong>Akzeptanz<\/strong> Der Onlineshop (ab sofort \u201eMembrillo San Lorenzo Shop\u201c) steht jedem Nutzer f\u00fcr den Eigenverbrauch zur Verf\u00fcgung und unterliegt den folgenden Bedingungen: Nutzungsbedingungen und Einstellungen, Datenschutzbestimmungen und Cookie-Richtlinien. W\u00e4hrend der Nutzung des Dienstes akzeptieren Sie unsere Allgemeinen Gesch\u00e4ftsbedingungen und versprechen, den Dienst nicht f\u00fcr illegale Zwecke zu nutzen. Wir werden Sie dar\u00fcber informieren, dass wir aus rechtlichen Gr\u00fcnden die elektronischen Dokumente archivieren, in denen die K\u00e4ufe formalisiert sind. Sie k\u00f6nnen jederzeit auf diese Dokumente zugreifen, indem Sie sie an die folgende E-Mail-Adresse senden: info@membrillosanlorenzo.com<\/li>\n<li><strong>Beschreibung des Service<\/strong>: Im Membrillo San Lorenzo Shop k\u00f6nnen Sie Produkte wie Quittenmarmelade, Erste Quitte, Quittengelee, Hausgemachte Quitte und Obstbonbons kaufen. Spanisch ist die Sprache, die im Vertrag zwischen dem Unternehmen und dem K\u00e4ufer verwendet wird. Der Kaufvorgang von Membrillo San Lorenzo Shop l\u00e4uft wie folgt ab:\n<ul>\n<li>\u00a0Durch Auswahl des Produkts wird es in den Warenkorb gelegt.<\/li>\n<li>Sobald die Auswahl aller Produkte abgeschlossen ist, wird eine Sch\u00e4tzung der Versandkosten entsprechend dem Gewicht der Bestellung angezeigt und zusammen mit den Produkten summiert.<\/li>\n<li>Der Benutzer kann die Produkte durch Registrierung (was die Eingabe pers\u00f6nlicher Daten impliziert) oder \u00fcber einen Gast (ohne Registrierung) erwerben.<\/li>\n<li>Schlie\u00dflich wird eine Zusammenfassung der erworbenen Artikel angezeigt, die Zahlungsmethode, die Versandart und die Akzeptanz der Allgemeinen Gesch\u00e4ftsbedingungen des Dienstes sowie die Option, den Kauf zu best\u00e4tigen und eine Verbindung zum Zahlungs-Gateway herzustellen.<\/li>\n<\/ul>\n<p>W\u00e4hrend des Kaufvorgangs k\u00f6nnen Sie die erforderlichen Bedingungen (Menge, Adresse\u2026) \u00e4ndern, indem Sie im selben Vorgang erneut klicken und den Warenkorb vor dem endg\u00fcltigen Kauf aktualisieren.<\/p>\n<p class=\"western\" lang=\"es-ES-u-co-trad\"><span style=\"color: #222222;\"><span lang=\"en-US\">Sobald der Kauf abgeschlossen ist, wird er durch Senden einer E-Mail an die Registrierungs-E-Mail oder die vom Gastbenutzer festgelegte E-Mail best\u00e4tigt.<\/span><\/span><\/p>\n<\/li>\n<li>\n<p class=\"western\" lang=\"es-ES-u-co-trad\"><span style=\"color: #222222;\"><span lang=\"en-US\"><b>Alter<\/b><\/span><\/span><span style=\"color: #222222;\"><span lang=\"en-US\"> In Bezug auf die Nutzung des Dienstes erkl\u00e4ren Sie, erwachsen zu sein und \u00fcber die rechtlichen und erforderlichen F\u00e4higkeiten zu verf\u00fcgen, um diesem Vertrag zuzustimmen und ihn gem\u00e4\u00df seinen Gesch\u00e4ftsbedingungen zu nutzen, die Sie vollst\u00e4ndig verstehen und dass alle Angaben wahr, vollst\u00e4ndig und zutreffend sind.<\/span><\/span><\/p>\n<\/li>\n<li>\n<p class=\"western\" lang=\"es-ES-u-co-trad\"><span style=\"color: #222222;\"><span lang=\"en-US\"><b>Lieferung des Produkts<\/b><\/span><\/span><span style=\"color: #222222;\"><span lang=\"en-US\"> Wir liefern innerhalb von 24\/72 Stunden im gesamten Gebiet der Halbinsel. Diese Lieferfrist beginnt zu dem Zeitpunkt, zu dem Membrillo San Lorenzo das betreffende Einkommen oder die betreffende \u00dcbertragung erh\u00e4lt. Der Liefertermin in Ihrer Adresse kann sich je nach Verf\u00fcgbarkeit des ausgew\u00e4hlten Produkts, Versandgebiets oder aufgrund spezifischer Situationen bei jeder Bestellung \u00e4ndern. Sie kann sich auch aus au\u00dfergew\u00f6hnlichen Gr\u00fcnden des Transportunternehmens oder aufgrund von Problemen bei der Lieferung der Waren \u00e4ndern. In Bezug auf den Zeitplan ist es nicht m\u00f6glich, einen konkreten festzulegen, aber unsere Empfehlung an den Kunden ist, werktags von 9:00 bis 19:00 Uhr am richtigen Ort f\u00fcr den Empfang des Produkts zu sein. Andernfalls werden Sie benachrichtigt, falls das gekaufte Produkt nicht verf\u00fcgbar ist. Sie k\u00f6nnen w\u00e4hlen, ob Sie ein anderes Produkt akzeptieren oder die gezahlte Menge innerhalb von maximal 30 Tagen erstatten m\u00f6chten. Wenn Sie das Produkt erhalten, liegt es an Ihnen, zu \u00fcberpr\u00fcfen, ob alles in Ordnung ist. Im Falle von Unstimmigkeiten oder Problemen m\u00fcssen Sie sich per E-Mail (info@membrillosanlorenzo.com) an Membrillo San Lorenzo wenden. Wir werden uns dann so schnell wie m\u00f6glich mit Ihnen in Verbindung setzen, um das Problem zu l\u00f6sen<\/span><\/span><\/p>\n<\/li>\n<li><strong>Preise und Steuern<\/strong> Die Preise der Produkte, die im Gesch\u00e4ft von Membrillo San Lorenzo angeboten werden, sind in Euro (\u20ac) angegeben, zuz\u00fcglich der jeweils g\u00fcltigen Mehrwertsteuer. Bei Eink\u00e4ufen von Privatpersonen, die von der Zahlung der Mehrwertsteuer befreit sind, wird eine E-Mail mit ihrem Ausweis \/ ihrer Mehrwertsteuer an das Unternehmen gesendet, damit diese eine von der Mehrwertsteuer befreite Rechnung ausstellen k\u00f6nnen.<\/li>\n<li><strong>Versandkosten F\u00fcr die<\/strong> Versandkosten wird zu den Preisen jedes Produkts eine variable Menge hinzugerechnet. Diese Menge variiert je nach Tarif des Transportunternehmens. Diese Zahl wird automatisch im Warenkorb berechnet und richtet sich nach dem Bestimmungsort der Ware. Die Versandkosten werden dem Kunden nicht in Rechnung gestellt, wenn die Gesamtzahlung der Bestellung mehr als 60 \u20ac betr\u00e4gt<\/li>\n<li><strong>Zahlungsmethode Die<\/strong> Online-Zahlung der Produkte erfolgt \u00fcber:\n<ul>\n<li>VISA credit card, MasterCard, American Express<\/li>\n<li>Paypal<\/li>\n<li>Bank transfer<\/li>\n<\/ul>\n<p>Wir m\u00f6chten unsere Kunden dar\u00fcber informieren, dass die im Online-Shop stattfindenden Transaktionen in einem sicheren Zahlungs-Gateway ausgef\u00fchrt werden, indem die SSL-Technologie verwendet wird, um die Sicherheit bei der Daten\u00fcbertragung zu jedem Zeitpunkt zu gew\u00e4hrleisten.<\/li>\n<li><strong>Widerrufsrecht und R\u00fcckgabe<\/strong> Widerrufsbelehrung gem\u00e4\u00df der europ\u00e4ischen und spanischen Gesetzgebung in Bezug auf Verbraucher und Nutzer. Das Widerrufsrecht besteht nicht bei verderblichen Produkten oder anderen Produkten, die schnell verfallen k\u00f6nnen. Um ein anderes Problem zu l\u00f6sen oder Ihre Bestellung zu stornieren, bevor es von der Firma Membrillo San Lorenzo herauskommt, wenden Sie sich telefonisch an 957 600 296 oder direkt per E-Mail an info@membrillosanlorenzo.com.<\/li>\n<li><strong>Sicherheit<\/strong> Die Website verwendet Informationssicherheitsmethoden, die normalerweise von der Branche akzeptiert werden, wie Firewalls, Zugriffskontrollverfahren und Kryptografiemechanismen, um den unbefugten Zugriff auf Daten zu verhindern. Um diese Ziele zu erreichen, akzeptiert der Nutzer \/ Kunde, dass der Anbieter Daten zum Zwecke der Korrespondenzauthentifizierung in den Zugangskontrollen sammelt. Alle Kaufvorg\u00e4nge sowie die \u00dcbermittlung personenbezogener Daten und der Zahlungsmethoden erfolgen sicher \u00fcber das SSL-Protokoll. MEMBRILLO SAN LORENZO kann jedoch nicht die vollst\u00e4ndige Zukunftssicherheit des Dienstes garantieren, obwohl es verspricht, die entsprechenden Ma\u00dfnahmen zu ergreifen, um Probleme jeglicher Art in k\u00fcrzerer Zeit zu l\u00f6sen. Der Kunde verpflichtet sich, MEMBRILLO SAN LORENZO unverz\u00fcglich unter der Telefonnummer 957 600 296 oder per E-Mail info@membrillosanlorenzo.com \u00fcber jede Situation zu informieren, die zu einem Betrug der Benutzeridentit\u00e4t f\u00fchren k\u00f6nnte<\/li>\n<li><strong>Beschwerden und Ma\u00dfnahmen<\/strong> aus dem Vertrag Die Erbringung von Dienstleistungen durch Membrillo San Lorenzo unterliegt der spanischen Gesetzgebung. Um die m\u00f6glichen Probleme zu l\u00f6sen, die sich aus dem Online-Verkauf dieses Shops ergeben k\u00f6nnen, verpflichten sich der Kunde und Membrillo San Lorenzo, die Verfahren einzuhalten der Richter und Gerichte aus Cordoba (Spanien) mit ausdr\u00fccklichem Verzicht auf jede andere ihnen m\u00f6glicherweise entsprechende Zust\u00e4ndigkeit. Um die Beilegung von Beschwerden im Zivilverfahren zu vereinfachen und die Kosten zu senken, schlie\u00dfen wir nicht aus, dass das Schiedsgericht der Industrie- und Handelskammer das Verfahren einer Equity-Arbitrage einh\u00e4lt<\/li>\n<li><strong>Kundendienst<\/strong> F\u00fcr jede andere Beratung, Ausgabe oder Beanstandung k\u00f6nnen Sie sich direkt an das Unternehmen wenden, indem Sie:\n<ul>\n<li>Telefonnummer: 957 600 296<\/li>\n<li>Email: <a href=\"mailto:info@membrillosanlorenzo.com\">info@membrillosanlorenzo.com<\/a><\/li>\n<li>Postleitzahl: Estepa-Guadix-Stra\u00dfe km.18.3, C.P.14.500 Puente Genil (C\u00f3rdoba). Abschnitt 28.<\/li>\n<\/ul>\n<\/li>\n<\/ol>\n<\/div>\n<p><\/p>","protected":false},"excerpt":{"rendered":"<p>Eigentum: Diese Website ist Eigentum des Vereins Sucesores de Lorenzo Estepa Aguilar &#8211; Steueradresse: Stra\u00dfe Estepa-Guadix Km. 18,3 Puente Genil (C\u00f3rdoba) &#8211; Spanien Email:\u00a0info@membrillosanlorenzo.com Telefonnumer: [&hellip;]<\/p>\n","protected":false},"author":1,"featured_media":0,"parent":0,"menu_order":0,"comment_status":"closed","ping_status":"closed","template":"page-fullwidth.php","meta":{"jetpack_post_was_ever_published":false},"acf":[],"aioseo_notices":[],"jetpack_sharing_enabled":true,"jetpack_shortlink":"https:\/\/wp.me\/P6g8Wk-7R","_links":{"self":[{"href":"https:\/\/membrillosanlorenzo.com\/de\/wp-json\/wp\/v2\/pages\/487"}],"collection":[{"href":"https:\/\/membrillosanlorenzo.com\/de\/wp-json\/wp\/v2\/pages"}],"about":[{"href":"https:\/\/membrillosanlorenzo.com\/de\/wp-json\/wp\/v2\/types\/page"}],"author":[{"embeddable":true,"href":"https:\/\/membrillosanlorenzo.com\/de\/wp-json\/wp\/v2\/users\/1"}],"replies":[{"embeddable":true,"href":"https:\/\/membrillosanlorenzo.com\/de\/wp-json\/wp\/v2\/comments?post=487"}],"version-history":[{"count":22,"href":"https:\/\/membrillosanlorenzo.com\/de\/wp-json\/wp\/v2\/pages\/487\/revisions"}],"predecessor-version":[{"id":667,"href":"https:\/\/membrillosanlorenzo.com\/de\/wp-json\/wp\/v2\/pages\/487\/revisions\/667"}],"wp:attachment":[{"href":"https:\/\/membrillosanlorenzo.com\/de\/wp-json\/wp\/v2\/media?parent=487"}],"curies":[{"name":"wp","href":"https:\/\/api.w.org\/{rel}","templated":true}]}}